{"id":18,"date":"2018-12-26T16:29:52","date_gmt":"2018-12-26T15:29:52","guid":{"rendered":"https:\/\/elm-saar.lima-city.de\/?page_id=18"},"modified":"2024-04-07T10:53:23","modified_gmt":"2024-04-07T08:53:23","slug":"herzlich-willkommen","status":"publish","type":"page","link":"https:\/\/elm-saar.lima-city.de\/","title":{"rendered":"Herzlich Willkommen"},"content":{"rendered":"\n<p>Herzlich Willkommen auf den Seiten von Klaus Petri. Auf dieser Website k\u00f6nnen Sie Beitr\u00e4ge aus der Radiosendung auf SAARWELLE nachh\u00f6ren und kommentieren.  Die Fotogalerien sind auf Weiteres eingestellt.<\/p>\n\n\n\n<p><\/p>\n\n\n<div class=\"wp-block-image\">\n<figure class=\"aligncenter size-large\"><img loading=\"lazy\" decoding=\"async\" width=\"940\" height=\"1024\" src=\"https:\/\/elm-saar.lima-city.de\/wp-content\/uploads\/2023\/01\/Studio-1-940x1024.jpg\" alt=\"\" class=\"wp-image-818\" srcset=\"https:\/\/elm-saar.lima-city.de\/wp-content\/uploads\/2023\/01\/Studio-1-940x1024.jpg 940w, https:\/\/elm-saar.lima-city.de\/wp-content\/uploads\/2023\/01\/Studio-1-275x300.jpg 275w, https:\/\/elm-saar.lima-city.de\/wp-content\/uploads\/2023\/01\/Studio-1-768x837.jpg 768w, https:\/\/elm-saar.lima-city.de\/wp-content\/uploads\/2023\/01\/Studio-1.jpg 1079w\" sizes=\"auto, (max-width: 940px) 100vw, 940px\" \/><\/figure>\n<\/div>\n\n\n<p>Klaus Petri sendet regelm\u00e4\u00dfig auf Saarwelle jeden <strong>Freitag ab 20 Uhr live <\/strong>hier:<\/p>\n\n\n<div id=\"audioigniter-50\" class=\"audioigniter-root \" data-player-type=\"full\" data-tracks-url=\"https:\/\/elm-saar.lima-city.de\/?audioigniter_playlist_id=50\" data-display-track-no=\"false\" data-reverse-track-order=\"false\" data-display-tracklist-covers=\"true\" data-display-active-cover=\"true\" data-display-artist-names=\"true\" data-display-buy-buttons=\"false\" data-buy-buttons-target=\"false\" data-cycle-tracks=\"false\" data-display-credits=\"false\" data-display-tracklist=\"false\" data-allow-tracklist-toggle=\"true\" data-allow-tracklist-loop=\"true\" data-limit-tracklist-height=\"true\" data-volume=\"100\" data-tracklist-height=\"185\" ><\/div>\n\n\n\n<p>Sie sind herzlich dazu angehalten, unter folgender Nummer eine WhatsApp-Nachricht (Text oder Sprachnachricht) w\u00e4hrend der Sendung zu hinterlassen:<\/p>\n\n\n\n<p>(0 68 98) 5 69 07 71<\/p>\n\n\n\n<p>Gerne k\u00f6nnen Sie auch eine E-Mail hinterlassen unter:<\/p>\n\n\n\n<p><a href=\"mailto:saarwelle@online.de\">*Hier klicken f\u00fcr E-Mail*<\/a><\/p>\n","protected":false},"excerpt":{"rendered":"<p>Herzlich Willkommen auf den Seiten von Klaus Petri. Auf dieser Website k\u00f6nnen Sie Beitr\u00e4ge aus der Radiosendung auf SAARWELLE nachh\u00f6ren und kommentieren. Die Fotogalerien sind auf Weiteres eingestellt. Klaus Petri [&hellip;]<\/p>\n","protected":false},"author":2,"featured_media":0,"parent":0,"menu_order":0,"comment_status":"closed","ping_status":"closed","template":"","meta":{"footnotes":""},"class_list":["post-18","page","type-page","status-publish","hentry"],"_links":{"self":[{"href":"https:\/\/elm-saar.lima-city.de\/index.php\/wp-json\/wp\/v2\/pages\/18","targetHints":{"allow":["GET"]}}],"collection":[{"href":"https:\/\/elm-saar.lima-city.de\/index.php\/wp-json\/wp\/v2\/pages"}],"about":[{"href":"https:\/\/elm-saar.lima-city.de\/index.php\/wp-json\/wp\/v2\/types\/page"}],"author":[{"embeddable":true,"href":"https:\/\/elm-saar.lima-city.de\/index.php\/wp-json\/wp\/v2\/users\/2"}],"replies":[{"embeddable":true,"href":"https:\/\/elm-saar.lima-city.de\/index.php\/wp-json\/wp\/v2\/comments?post=18"}],"version-history":[{"count":23,"href":"https:\/\/elm-saar.lima-city.de\/index.php\/wp-json\/wp\/v2\/pages\/18\/revisions"}],"predecessor-version":[{"id":857,"href":"https:\/\/elm-saar.lima-city.de\/index.php\/wp-json\/wp\/v2\/pages\/18\/revisions\/857"}],"wp:attachment":[{"href":"https:\/\/elm-saar.lima-city.de\/index.php\/wp-json\/wp\/v2\/media?parent=18"}],"curies":[{"name":"wp","href":"https:\/\/api.w.org\/{rel}","templated":true}]}}